{"id":108,"date":"2018-04-02T18:55:14","date_gmt":"2018-04-02T18:55:14","guid":{"rendered":"https:\/\/modellame.com\/?page_id=108"},"modified":"2022-01-25T09:18:19","modified_gmt":"2022-01-25T09:18:19","slug":"inicio","status":"publish","type":"page","link":"https:\/\/modellame.com\/index.php\/pt\/inicio\/","title":{"rendered":"In\u00edcio"},"content":{"rendered":"<p>A representa\u00e7\u00e3o digital de elementos de constru\u00e7\u00e3o, tornada poss\u00edvel pelas metodologias \u2018Building Information Modelling\u2019 (BIM) tem sido reconhecida mundialmente como um condutor (potencialmente) poderoso, levando o setor de constru\u00e7\u00e3o \u00e0 sustentabilidade. Tornou-se um extenso processo colaborativo bem estabelecido e uma importante \u00e1rea de desenvolvimento na ind\u00fastria de Arquitetura, Engenharia e Constru\u00e7\u00e3o (AEC).<\/p>\n<p>Envolve a cria\u00e7\u00e3o de um modelo digital da constru\u00e7\u00e3o na fase de projeto. Todos os dados relevantes para o projeto, constru\u00e7\u00e3o e gest\u00e3o de um objeto s\u00e3o inclu\u00eddos e disponibilizados para todas as partes envolvidas.<\/p>\n\n\n<figure class=\"wp-block-image size-full\"><a href=\"https:\/\/modellame.com\/wp-content\/uploads\/2022\/01\/Ficha-Projeto.pdf\"><img loading=\"lazy\" decoding=\"async\" width=\"1000\" height=\"250\" src=\"https:\/\/modellame.com\/wp-content\/uploads\/2022\/01\/Norte-2020.png\" alt=\"\" class=\"wp-image-12794\" srcset=\"https:\/\/modellame.com\/wp-content\/uploads\/2022\/01\/Norte-2020.png 1000w, https:\/\/modellame.com\/wp-content\/uploads\/2022\/01\/Norte-2020-300x75.png 300w, https:\/\/modellame.com\/wp-content\/uploads\/2022\/01\/Norte-2020-768x192.png 768w\" sizes=\"auto, (max-width: 767px) 89vw, (max-width: 1000px) 54vw, (max-width: 1071px) 543px, 580px\" \/><\/a><\/figure>\n","protected":false},"excerpt":{"rendered":"<p>A representa\u00e7\u00e3o digital de elementos de constru\u00e7\u00e3o, tornada poss\u00edvel pelas metodologias \u2018Building Information Modelling\u2019 (BIM) tem sido reconhecida mundialmente como um condutor (potencialmente) poderoso, levando o setor de constru\u00e7\u00e3o \u00e0 sustentabilidade. Tornou-se um extenso processo colaborativo bem estabelecido e uma importante \u00e1rea de desenvolvimento na ind\u00fastria de Arquitetura, Engenharia e Constru\u00e7\u00e3o (AEC). Envolve a cria\u00e7\u00e3o &hellip; <\/p>\n<p class=\"link-more\"><a href=\"https:\/\/modellame.com\/index.php\/pt\/inicio\/\" class=\"more-link\">Continue reading<span class=\"screen-reader-text\"> &#8220;In\u00edcio&#8221;<\/span><\/a><\/p>\n","protected":false},"author":1,"featured_media":177,"parent":0,"menu_order":0,"comment_status":"closed","ping_status":"closed","template":"","meta":{"footnotes":""},"class_list":["post-108","page","type-page","status-publish","has-post-thumbnail","hentry"],"_links":{"self":[{"href":"https:\/\/modellame.com\/index.php\/wp-json\/wp\/v2\/pages\/108","targetHints":{"allow":["GET"]}}],"collection":[{"href":"https:\/\/modellame.com\/index.php\/wp-json\/wp\/v2\/pages"}],"about":[{"href":"https:\/\/modellame.com\/index.php\/wp-json\/wp\/v2\/types\/page"}],"author":[{"embeddable":true,"href":"https:\/\/modellame.com\/index.php\/wp-json\/wp\/v2\/users\/1"}],"replies":[{"embeddable":true,"href":"https:\/\/modellame.com\/index.php\/wp-json\/wp\/v2\/comments?post=108"}],"version-history":[{"count":5,"href":"https:\/\/modellame.com\/index.php\/wp-json\/wp\/v2\/pages\/108\/revisions"}],"predecessor-version":[{"id":12802,"href":"https:\/\/modellame.com\/index.php\/wp-json\/wp\/v2\/pages\/108\/revisions\/12802"}],"wp:featuredmedia":[{"embeddable":true,"href":"https:\/\/modellame.com\/index.php\/wp-json\/wp\/v2\/media\/177"}],"wp:attachment":[{"href":"https:\/\/modellame.com\/index.php\/wp-json\/wp\/v2\/media?parent=108"}],"curies":[{"name":"wp","href":"https:\/\/api.w.org\/{rel}","templated":true}]}}