{"id":115,"date":"2018-04-02T19:14:32","date_gmt":"2018-04-02T19:14:32","guid":{"rendered":"https:\/\/modellame.com\/?page_id=115"},"modified":"2019-11-22T11:56:35","modified_gmt":"2019-11-22T11:56:35","slug":"projetos","status":"publish","type":"page","link":"https:\/\/modellame.com\/index.php\/pt\/projetos\/","title":{"rendered":"Projetos"},"content":{"rendered":"<p>O nosso portf\u00f3lio de projetos inclui desde pormenoriza\u00e7\u00e3o 3D de bet\u00e3o armado at\u00e9 pormenoriza\u00e7\u00e3o de estruturas met\u00e1licas para ed\u00edficios e pontes.<\/p>\n","protected":false},"excerpt":{"rendered":"<p>O nosso portf\u00f3lio de projetos inclui desde pormenoriza\u00e7\u00e3o 3D de bet\u00e3o armado at\u00e9 pormenoriza\u00e7\u00e3o de estruturas met\u00e1licas para ed\u00edficios e pontes.<\/p>\n","protected":false},"author":1,"featured_media":175,"parent":0,"menu_order":0,"comment_status":"closed","ping_status":"closed","template":"","meta":{"footnotes":""},"class_list":["post-115","page","type-page","status-publish","has-post-thumbnail","hentry"],"_links":{"self":[{"href":"https:\/\/modellame.com\/index.php\/wp-json\/wp\/v2\/pages\/115","targetHints":{"allow":["GET"]}}],"collection":[{"href":"https:\/\/modellame.com\/index.php\/wp-json\/wp\/v2\/pages"}],"about":[{"href":"https:\/\/modellame.com\/index.php\/wp-json\/wp\/v2\/types\/page"}],"author":[{"embeddable":true,"href":"https:\/\/modellame.com\/index.php\/wp-json\/wp\/v2\/users\/1"}],"replies":[{"embeddable":true,"href":"https:\/\/modellame.com\/index.php\/wp-json\/wp\/v2\/comments?post=115"}],"version-history":[{"count":1,"href":"https:\/\/modellame.com\/index.php\/wp-json\/wp\/v2\/pages\/115\/revisions"}],"predecessor-version":[{"id":116,"href":"https:\/\/modellame.com\/index.php\/wp-json\/wp\/v2\/pages\/115\/revisions\/116"}],"wp:featuredmedia":[{"embeddable":true,"href":"https:\/\/modellame.com\/index.php\/wp-json\/wp\/v2\/media\/175"}],"wp:attachment":[{"href":"https:\/\/modellame.com\/index.php\/wp-json\/wp\/v2\/media?parent=115"}],"curies":[{"name":"wp","href":"https:\/\/api.w.org\/{rel}","templated":true}]}}