{"id":119,"date":"2018-04-02T19:19:42","date_gmt":"2018-04-02T19:19:42","guid":{"rendered":"https:\/\/modellame.com\/?page_id=119"},"modified":"2018-04-02T21:35:03","modified_gmt":"2018-04-02T21:35:03","slug":"services-2","status":"publish","type":"page","link":"https:\/\/modellame.com\/index.php\/fr\/services-2\/","title":{"rendered":"Services"},"content":{"rendered":"<p>Notre \u00e9quipe de modeleurs BIM a de l&#8217;exp\u00e9rience dans la cr\u00e9ation de\u00a0 maquettes num\u00e9riques de construction 3D sur Allplan (structures b\u00e9ton, acier et bois).<\/p>\n<p>La technologie BIM a plusieurs avantages:<\/p>\n<ul>\n<li>R\u00e9duction du temps pass\u00e9 \u00e0 concevoir le projet.<\/li>\n<li>R\u00e9duction de 40% du travail non budg\u00e9t\u00e9;<\/li>\n<li>R\u00e9duction du temps pass\u00e9 \u00e0 budg\u00e9tiser jusqu&#8217;\u00e0 80%;<\/li>\n<li>D\u00e9tection de conflits anticip\u00e9e, apportant des \u00e9conomies de 10%;<\/li>\n<\/ul>\n<p>(<a href=\"https:\/\/cife.stanford.edu\/virtual-design-and-construction-themes-case-studies-and-implementation-suggestions\">Virtual Design and Construction: Themes, Case Studies and Implementation Suggestions By John Kunz &amp; Martin Fischer, 2012<\/a>)<\/p>\n","protected":false},"excerpt":{"rendered":"<p>Notre \u00e9quipe de modeleurs BIM a de l&#8217;exp\u00e9rience dans la cr\u00e9ation de\u00a0 maquettes num\u00e9riques de construction 3D sur Allplan (structures b\u00e9ton, acier et bois). La technologie BIM a plusieurs avantages: R\u00e9duction du temps pass\u00e9 \u00e0 concevoir le projet. R\u00e9duction de 40% du travail non budg\u00e9t\u00e9; R\u00e9duction du temps pass\u00e9 \u00e0 budg\u00e9tiser jusqu&#8217;\u00e0 80%; D\u00e9tection de &hellip; <\/p>\n<p class=\"link-more\"><a href=\"https:\/\/modellame.com\/index.php\/fr\/services-2\/\" class=\"more-link\">Continue reading<span class=\"screen-reader-text\"> &#8220;Services&#8221;<\/span><\/a><\/p>\n","protected":false},"author":1,"featured_media":59,"parent":0,"menu_order":0,"comment_status":"closed","ping_status":"closed","template":"","meta":{"footnotes":""},"class_list":["post-119","page","type-page","status-publish","has-post-thumbnail","hentry"],"_links":{"self":[{"href":"https:\/\/modellame.com\/index.php\/wp-json\/wp\/v2\/pages\/119","targetHints":{"allow":["GET"]}}],"collection":[{"href":"https:\/\/modellame.com\/index.php\/wp-json\/wp\/v2\/pages"}],"about":[{"href":"https:\/\/modellame.com\/index.php\/wp-json\/wp\/v2\/types\/page"}],"author":[{"embeddable":true,"href":"https:\/\/modellame.com\/index.php\/wp-json\/wp\/v2\/users\/1"}],"replies":[{"embeddable":true,"href":"https:\/\/modellame.com\/index.php\/wp-json\/wp\/v2\/comments?post=119"}],"version-history":[{"count":6,"href":"https:\/\/modellame.com\/index.php\/wp-json\/wp\/v2\/pages\/119\/revisions"}],"predecessor-version":[{"id":144,"href":"https:\/\/modellame.com\/index.php\/wp-json\/wp\/v2\/pages\/119\/revisions\/144"}],"wp:featuredmedia":[{"embeddable":true,"href":"https:\/\/modellame.com\/index.php\/wp-json\/wp\/v2\/media\/59"}],"wp:attachment":[{"href":"https:\/\/modellame.com\/index.php\/wp-json\/wp\/v2\/media?parent=119"}],"curies":[{"name":"wp","href":"https:\/\/api.w.org\/{rel}","templated":true}]}}