{"id":136,"date":"2018-04-02T20:44:12","date_gmt":"2018-04-02T20:44:12","guid":{"rendered":"https:\/\/modellame.com\/?page_id=136"},"modified":"2018-04-02T20:58:29","modified_gmt":"2018-04-02T20:58:29","slug":"servicos","status":"publish","type":"page","link":"https:\/\/modellame.com\/index.php\/pt\/servicos\/","title":{"rendered":"Servi\u00e7os"},"content":{"rendered":"<p>A nossa equipa de modeladores BIM tem experi\u00eancia na cria\u00e7\u00e3o de estruturas 3D em Allplan. Somos capazes de implementar modelos BIM de estruturas n\u00e3o\u00a0 apenas durante a fase de planeamento e de constru\u00e7\u00e3o, mas tamb\u00e9m na fase de manuten\u00e7\u00e3o.<\/p>\n<p>A tecnologia BIM apresenta diversos benef\u00edcios:<\/p>\n<ul>\n<li><span style=\"font-size: 1rem;\">Redu\u00e7\u00e3o no tempo despendido a projetar a empreitada.<\/span><\/li>\n<li>Redu\u00e7\u00e3o em 40% dos trabalhos n\u00e3o or\u00e7amentados;<\/li>\n<li>Redu\u00e7\u00e3o do tempo gasto em or\u00e7amenta\u00e7\u00e3o at\u00e9 80%;<\/li>\n<li>Dete\u00e7\u00e3o de conflitos antecipada, refletida em economia de 10%;<\/li>\n<\/ul>\n<p>(<a href=\"https:\/\/cife.stanford.edu\/virtual-design-and-construction-themes-case-studies-and-implementation-suggestions\">Virtual Design and Construction: Themes, Case Studies and Implementation Suggestions By John Kunz &amp; Martin Fischer, 2012<\/a>)<\/p>\n","protected":false},"excerpt":{"rendered":"<p>A nossa equipa de modeladores BIM tem experi\u00eancia na cria\u00e7\u00e3o de estruturas 3D em Allplan. Somos capazes de implementar modelos BIM de estruturas n\u00e3o\u00a0 apenas durante a fase de planeamento e de constru\u00e7\u00e3o, mas tamb\u00e9m na fase de manuten\u00e7\u00e3o. A tecnologia BIM apresenta diversos benef\u00edcios: Redu\u00e7\u00e3o no tempo despendido a projetar a empreitada. Redu\u00e7\u00e3o em &hellip; <\/p>\n<p class=\"link-more\"><a href=\"https:\/\/modellame.com\/index.php\/pt\/servicos\/\" class=\"more-link\">Continue reading<span class=\"screen-reader-text\"> &#8220;Servi\u00e7os&#8221;<\/span><\/a><\/p>\n","protected":false},"author":1,"featured_media":59,"parent":0,"menu_order":0,"comment_status":"closed","ping_status":"closed","template":"","meta":{"footnotes":""},"class_list":["post-136","page","type-page","status-publish","has-post-thumbnail","hentry"],"_links":{"self":[{"href":"https:\/\/modellame.com\/index.php\/wp-json\/wp\/v2\/pages\/136","targetHints":{"allow":["GET"]}}],"collection":[{"href":"https:\/\/modellame.com\/index.php\/wp-json\/wp\/v2\/pages"}],"about":[{"href":"https:\/\/modellame.com\/index.php\/wp-json\/wp\/v2\/types\/page"}],"author":[{"embeddable":true,"href":"https:\/\/modellame.com\/index.php\/wp-json\/wp\/v2\/users\/1"}],"replies":[{"embeddable":true,"href":"https:\/\/modellame.com\/index.php\/wp-json\/wp\/v2\/comments?post=136"}],"version-history":[{"count":3,"href":"https:\/\/modellame.com\/index.php\/wp-json\/wp\/v2\/pages\/136\/revisions"}],"predecessor-version":[{"id":143,"href":"https:\/\/modellame.com\/index.php\/wp-json\/wp\/v2\/pages\/136\/revisions\/143"}],"wp:featuredmedia":[{"embeddable":true,"href":"https:\/\/modellame.com\/index.php\/wp-json\/wp\/v2\/media\/59"}],"wp:attachment":[{"href":"https:\/\/modellame.com\/index.php\/wp-json\/wp\/v2\/media?parent=136"}],"curies":[{"name":"wp","href":"https:\/\/api.w.org\/{rel}","templated":true}]}}