{"id":146,"date":"2018-04-03T09:51:50","date_gmt":"2018-04-03T09:51:50","guid":{"rendered":"https:\/\/modellame.com\/?page_id=146"},"modified":"2018-04-03T09:51:50","modified_gmt":"2018-04-03T09:51:50","slug":"modellame","status":"publish","type":"page","link":"https:\/\/modellame.com\/index.php\/fr\/modellame\/","title":{"rendered":"modellame"},"content":{"rendered":"<p>La cr\u00e9ation d&#8217;un mod\u00e8le d&#8217;information sur le b\u00e2timent exige beaucoup d&#8217;attention aux d\u00e9tails. Notre soci\u00e9t\u00e9 sp\u00e9cialis\u00e9e BIM\u00a0 vous fournira les mod\u00e8les les plus pr\u00e9cis. Nous pouvons transformer vos dessins, sch\u00e9mas et plans en un v\u00e9ritable mod\u00e8le BIM.<\/p>\n","protected":false},"excerpt":{"rendered":"<p>La cr\u00e9ation d&#8217;un mod\u00e8le d&#8217;information sur le b\u00e2timent exige beaucoup d&#8217;attention aux d\u00e9tails. Notre soci\u00e9t\u00e9 sp\u00e9cialis\u00e9e BIM\u00a0 vous fournira les mod\u00e8les les plus pr\u00e9cis. Nous pouvons transformer vos dessins, sch\u00e9mas et plans en un v\u00e9ritable mod\u00e8le BIM.<\/p>\n","protected":false},"author":1,"featured_media":91,"parent":0,"menu_order":0,"comment_status":"closed","ping_status":"closed","template":"","meta":{"footnotes":""},"class_list":["post-146","page","type-page","status-publish","has-post-thumbnail","hentry"],"_links":{"self":[{"href":"https:\/\/modellame.com\/index.php\/wp-json\/wp\/v2\/pages\/146","targetHints":{"allow":["GET"]}}],"collection":[{"href":"https:\/\/modellame.com\/index.php\/wp-json\/wp\/v2\/pages"}],"about":[{"href":"https:\/\/modellame.com\/index.php\/wp-json\/wp\/v2\/types\/page"}],"author":[{"embeddable":true,"href":"https:\/\/modellame.com\/index.php\/wp-json\/wp\/v2\/users\/1"}],"replies":[{"embeddable":true,"href":"https:\/\/modellame.com\/index.php\/wp-json\/wp\/v2\/comments?post=146"}],"version-history":[{"count":1,"href":"https:\/\/modellame.com\/index.php\/wp-json\/wp\/v2\/pages\/146\/revisions"}],"predecessor-version":[{"id":147,"href":"https:\/\/modellame.com\/index.php\/wp-json\/wp\/v2\/pages\/146\/revisions\/147"}],"wp:featuredmedia":[{"embeddable":true,"href":"https:\/\/modellame.com\/index.php\/wp-json\/wp\/v2\/media\/91"}],"wp:attachment":[{"href":"https:\/\/modellame.com\/index.php\/wp-json\/wp\/v2\/media?parent=146"}],"curies":[{"name":"wp","href":"https:\/\/api.w.org\/{rel}","templated":true}]}}