{"id":148,"date":"2018-04-03T09:53:55","date_gmt":"2018-04-03T09:53:55","guid":{"rendered":"https:\/\/modellame.com\/?page_id=148"},"modified":"2018-04-03T09:54:10","modified_gmt":"2018-04-03T09:54:10","slug":"modellame-2","status":"publish","type":"page","link":"https:\/\/modellame.com\/index.php\/pt\/modellame-2\/","title":{"rendered":"modellame"},"content":{"rendered":"<p>A cria\u00e7\u00e3o de um Modelo de Informa\u00e7\u00e3o da Constru\u00e7\u00e3o exige muita aten\u00e7\u00e3o aos detalhes. A nossa empresa especialista em BIM tudo far\u00e1 para fornecer os modelos mais precisos. Podemos transformar os seus desenhos, esquemas e planos num verdadeiro modelo BIM.<\/p>\n","protected":false},"excerpt":{"rendered":"<p>A cria\u00e7\u00e3o de um Modelo de Informa\u00e7\u00e3o da Constru\u00e7\u00e3o exige muita aten\u00e7\u00e3o aos detalhes. A nossa empresa especialista em BIM tudo far\u00e1 para fornecer os modelos mais precisos. Podemos transformar os seus desenhos, esquemas e planos num verdadeiro modelo BIM.<\/p>\n","protected":false},"author":1,"featured_media":91,"parent":0,"menu_order":0,"comment_status":"closed","ping_status":"closed","template":"","meta":{"footnotes":""},"class_list":["post-148","page","type-page","status-publish","has-post-thumbnail","hentry"],"_links":{"self":[{"href":"https:\/\/modellame.com\/index.php\/wp-json\/wp\/v2\/pages\/148","targetHints":{"allow":["GET"]}}],"collection":[{"href":"https:\/\/modellame.com\/index.php\/wp-json\/wp\/v2\/pages"}],"about":[{"href":"https:\/\/modellame.com\/index.php\/wp-json\/wp\/v2\/types\/page"}],"author":[{"embeddable":true,"href":"https:\/\/modellame.com\/index.php\/wp-json\/wp\/v2\/users\/1"}],"replies":[{"embeddable":true,"href":"https:\/\/modellame.com\/index.php\/wp-json\/wp\/v2\/comments?post=148"}],"version-history":[{"count":1,"href":"https:\/\/modellame.com\/index.php\/wp-json\/wp\/v2\/pages\/148\/revisions"}],"predecessor-version":[{"id":149,"href":"https:\/\/modellame.com\/index.php\/wp-json\/wp\/v2\/pages\/148\/revisions\/149"}],"wp:featuredmedia":[{"embeddable":true,"href":"https:\/\/modellame.com\/index.php\/wp-json\/wp\/v2\/media\/91"}],"wp:attachment":[{"href":"https:\/\/modellame.com\/index.php\/wp-json\/wp\/v2\/media?parent=148"}],"curies":[{"name":"wp","href":"https:\/\/api.w.org\/{rel}","templated":true}]}}